{"id":1001,"date":"2022-02-11T10:32:50","date_gmt":"2022-02-11T10:32:50","guid":{"rendered":"http:\/\/s900827852.online.de\/?page_id=1001"},"modified":"2022-03-18T12:00:39","modified_gmt":"2022-03-18T12:00:39","slug":"impressum","status":"publish","type":"page","link":"http:\/\/lumitoys.de\/en\/impressum","title":{"rendered":"Impressum"},"content":{"rendered":"<section  class='av_textblock_section av-kzfu6e0w-7c049772e68f4bd307974deba63e9f13'  itemscope=\"itemscope\" itemtype=\"https:\/\/schema.org\/CreativeWork\" ><div class='avia_textblock'  itemprop=\"text\" ><h3><span style=\"color: #ffffff;\">Impressum<\/span><\/h3>\n<p>Lumitoys GmbH<br \/>\nRembergstr. 84<br \/>\nDE \u2013 58095 Hagen<br \/>\nPhone-No.: (+49) 02331 377545-0<br \/>\nFax-No.: (+49) 02331 377545-45<br \/>\nE-Mail : info@lumitoys.de<\/p>\n<p>HR-B 4397, AG Hagen<br \/>\nGesch\u00e4ftsf\u00fchrer: Andreas Brandau<br \/>\nUSt. ID: DE813562283<\/p>\n<p><strong>Haftungshinweis<\/strong><br \/>\nDiese Internetseite wurde mit gr\u00f6\u00dftm\u00f6glicher Sorgfalt zusammengestellt. Trotzdem kann keine Gew\u00e4hr f\u00fcr die Fehlerfreiheit und Genauigkeit der enthaltenen Informationen \u00fcbernommen werden. Jegliche Haftung f\u00fcr Sch\u00e4den, die direkt oder indirekt aus der Nutzung dieser Internetseite entstehen, wird ausgeschlossen, soweit diese nicht auf Vorsatz oder grober Fahrl\u00e4ssigkeit beruhen. Trotz sorgf\u00e4ltiger inhaltlicher Kontrolle \u00fcbernehmen wir keine Haftung f\u00fcr die Inhalte externer Links. F\u00fcr den Inhalt der verlinkten Seiten sind ausschlie\u00dflich deren Betreiber verantwortlich.<\/p>\n<p><strong>Bilder\/Logos<br \/>\n<\/strong>Bei den abgebildeten Bildern, Fotografien und Logos liegt das Copyright bei Andreas Brandau und Adobe Stock (\u00a9 frank peters, #155418833, \u00a9 bernardbodo, #120282465, \u00a9 iushakovsky, #382102854, \u00a9 stockphoto-graf, #440274808, \u00a9 Aldeca Productions, #96198714, \u00a9 Vjom, #230238538, \u00a9 Hanna_zasimova, #458928802, \u00a9 EtiAmmos, #173736431, \u00a9 fotobieshutterb, #142298783, \u00a9 Brilliant Eye, #259617054, \u00a9 pixelkorn, #396090994, \u00a9 k_yu, #394368070<br \/>\nDie Benutzung ist ohne schriftliche Zustimmung der Urheber ausdr\u00fccklich untersagt.<br \/>\nAlle abgebildeten Logos sind Eigentum der Markeninhaber!<\/p>\n<\/div><\/section>","protected":false},"excerpt":{"rendered":"","protected":false},"author":1,"featured_media":0,"parent":0,"menu_order":26,"comment_status":"closed","ping_status":"closed","template":"","meta":{"footnotes":""},"class_list":["post-1001","page","type-page","status-publish","hentry"],"yoast_head":"<!-- This site is optimized with the Yoast SEO plugin v27.4 - https:\/\/yoast.com\/product\/yoast-seo-wordpress\/ -->\n<title>Impressum - Lumitoys<\/title>\n<meta name=\"robots\" content=\"index, follow, max-snippet:-1, max-image-preview:large, max-video-preview:-1\" \/>\n<link rel=\"canonical\" href=\"https:\/\/lumitoys.de\/en\/impressum\/\" \/>\n<meta property=\"og:locale\" content=\"en_GB\" \/>\n<meta property=\"og:type\" content=\"article\" \/>\n<meta property=\"og:title\" content=\"Impressum - Lumitoys\" \/>\n<meta property=\"og:url\" content=\"https:\/\/lumitoys.de\/en\/impressum\/\" \/>\n<meta property=\"og:site_name\" content=\"Lumitoys\" \/>\n<meta property=\"article:modified_time\" content=\"2022-03-18T12:00:39+00:00\" \/>\n<meta name=\"twitter:card\" content=\"summary_large_image\" \/>\n<meta name=\"twitter:label1\" content=\"Estimated reading time\" \/>\n\t<meta name=\"twitter:data1\" content=\"2 minutes\" \/>\n<script type=\"application\/ld+json\" class=\"yoast-schema-graph\">{\"@context\":\"https:\\\/\\\/schema.org\",\"@graph\":[{\"@type\":\"WebPage\",\"@id\":\"https:\\\/\\\/lumitoys.de\\\/impressum\",\"url\":\"https:\\\/\\\/lumitoys.de\\\/impressum\",\"name\":\"Impressum - Lumitoys\",\"isPartOf\":{\"@id\":\"https:\\\/\\\/lumitoys.de\\\/#website\"},\"datePublished\":\"2022-02-11T10:32:50+00:00\",\"dateModified\":\"2022-03-18T12:00:39+00:00\",\"breadcrumb\":{\"@id\":\"https:\\\/\\\/lumitoys.de\\\/impressum#breadcrumb\"},\"inLanguage\":\"en-GB\",\"potentialAction\":[{\"@type\":\"ReadAction\",\"target\":[\"https:\\\/\\\/lumitoys.de\\\/impressum\"]}]},{\"@type\":\"BreadcrumbList\",\"@id\":\"https:\\\/\\\/lumitoys.de\\\/impressum#breadcrumb\",\"itemListElement\":[{\"@type\":\"ListItem\",\"position\":1,\"name\":\"Startseite\",\"item\":\"https:\\\/\\\/lumitoys.de\\\/\"},{\"@type\":\"ListItem\",\"position\":2,\"name\":\"Impressum\"}]},{\"@type\":\"WebSite\",\"@id\":\"https:\\\/\\\/lumitoys.de\\\/#website\",\"url\":\"https:\\\/\\\/lumitoys.de\\\/\",\"name\":\"Lumitoys\",\"description\":\"\",\"publisher\":{\"@id\":\"https:\\\/\\\/lumitoys.de\\\/#organization\"},\"potentialAction\":[{\"@type\":\"SearchAction\",\"target\":{\"@type\":\"EntryPoint\",\"urlTemplate\":\"https:\\\/\\\/lumitoys.de\\\/?s={search_term_string}\"},\"query-input\":{\"@type\":\"PropertyValueSpecification\",\"valueRequired\":true,\"valueName\":\"search_term_string\"}}],\"inLanguage\":\"en-GB\"},{\"@type\":\"Organization\",\"@id\":\"https:\\\/\\\/lumitoys.de\\\/#organization\",\"name\":\"Lumitoys GmbH\",\"url\":\"https:\\\/\\\/lumitoys.de\\\/\",\"logo\":{\"@type\":\"ImageObject\",\"inLanguage\":\"en-GB\",\"@id\":\"https:\\\/\\\/lumitoys.de\\\/#\\\/schema\\\/logo\\\/image\\\/\",\"url\":\"https:\\\/\\\/lumitoys.de\\\/wp-content\\\/uploads\\\/2022\\\/02\\\/Schriftzug-Lumino-2020.png\",\"contentUrl\":\"https:\\\/\\\/lumitoys.de\\\/wp-content\\\/uploads\\\/2022\\\/02\\\/Schriftzug-Lumino-2020.png\",\"width\":974,\"height\":587,\"caption\":\"Lumitoys GmbH\"},\"image\":{\"@id\":\"https:\\\/\\\/lumitoys.de\\\/#\\\/schema\\\/logo\\\/image\\\/\"}}]}<\/script>\n<!-- \/ Yoast SEO plugin. -->","yoast_head_json":{"title":"Impressum - Lumitoys","robots":{"index":"index","follow":"follow","max-snippet":"max-snippet:-1","max-image-preview":"max-image-preview:large","max-video-preview":"max-video-preview:-1"},"canonical":"https:\/\/lumitoys.de\/en\/impressum\/","og_locale":"en_GB","og_type":"article","og_title":"Impressum - Lumitoys","og_url":"https:\/\/lumitoys.de\/en\/impressum\/","og_site_name":"Lumitoys","article_modified_time":"2022-03-18T12:00:39+00:00","twitter_card":"summary_large_image","twitter_misc":{"Estimated reading time":"2 minutes"},"schema":{"@context":"https:\/\/schema.org","@graph":[{"@type":"WebPage","@id":"https:\/\/lumitoys.de\/impressum","url":"https:\/\/lumitoys.de\/impressum","name":"Impressum - Lumitoys","isPartOf":{"@id":"https:\/\/lumitoys.de\/#website"},"datePublished":"2022-02-11T10:32:50+00:00","dateModified":"2022-03-18T12:00:39+00:00","breadcrumb":{"@id":"https:\/\/lumitoys.de\/impressum#breadcrumb"},"inLanguage":"en-GB","potentialAction":[{"@type":"ReadAction","target":["https:\/\/lumitoys.de\/impressum"]}]},{"@type":"BreadcrumbList","@id":"https:\/\/lumitoys.de\/impressum#breadcrumb","itemListElement":[{"@type":"ListItem","position":1,"name":"Startseite","item":"https:\/\/lumitoys.de\/"},{"@type":"ListItem","position":2,"name":"Impressum"}]},{"@type":"WebSite","@id":"https:\/\/lumitoys.de\/#website","url":"https:\/\/lumitoys.de\/","name":"Lumitoys","description":"","publisher":{"@id":"https:\/\/lumitoys.de\/#organization"},"potentialAction":[{"@type":"SearchAction","target":{"@type":"EntryPoint","urlTemplate":"https:\/\/lumitoys.de\/?s={search_term_string}"},"query-input":{"@type":"PropertyValueSpecification","valueRequired":true,"valueName":"search_term_string"}}],"inLanguage":"en-GB"},{"@type":"Organization","@id":"https:\/\/lumitoys.de\/#organization","name":"Lumitoys GmbH","url":"https:\/\/lumitoys.de\/","logo":{"@type":"ImageObject","inLanguage":"en-GB","@id":"https:\/\/lumitoys.de\/#\/schema\/logo\/image\/","url":"https:\/\/lumitoys.de\/wp-content\/uploads\/2022\/02\/Schriftzug-Lumino-2020.png","contentUrl":"https:\/\/lumitoys.de\/wp-content\/uploads\/2022\/02\/Schriftzug-Lumino-2020.png","width":974,"height":587,"caption":"Lumitoys GmbH"},"image":{"@id":"https:\/\/lumitoys.de\/#\/schema\/logo\/image\/"}}]}},"_links":{"self":[{"href":"http:\/\/lumitoys.de\/en\/wp-json\/wp\/v2\/pages\/1001","targetHints":{"allow":["GET"]}}],"collection":[{"href":"http:\/\/lumitoys.de\/en\/wp-json\/wp\/v2\/pages"}],"about":[{"href":"http:\/\/lumitoys.de\/en\/wp-json\/wp\/v2\/types\/page"}],"author":[{"embeddable":true,"href":"http:\/\/lumitoys.de\/en\/wp-json\/wp\/v2\/users\/1"}],"replies":[{"embeddable":true,"href":"http:\/\/lumitoys.de\/en\/wp-json\/wp\/v2\/comments?post=1001"}],"version-history":[{"count":4,"href":"http:\/\/lumitoys.de\/en\/wp-json\/wp\/v2\/pages\/1001\/revisions"}],"predecessor-version":[{"id":5365,"href":"http:\/\/lumitoys.de\/en\/wp-json\/wp\/v2\/pages\/1001\/revisions\/5365"}],"wp:attachment":[{"href":"http:\/\/lumitoys.de\/en\/wp-json\/wp\/v2\/media?parent=1001"}],"curies":[{"name":"wp","href":"https:\/\/api.w.org\/{rel}","templated":true}]}}