{"id":1070,"date":"2022-02-12T12:27:58","date_gmt":"2022-02-12T12:27:58","guid":{"rendered":"http:\/\/s900827852.online.de\/?page_id=1070"},"modified":"2022-02-12T12:43:22","modified_gmt":"2022-02-12T12:43:22","slug":"gtc","status":"publish","type":"page","link":"http:\/\/lumitoys.de\/en\/gtc","title":{"rendered":"GTC"},"content":{"rendered":"<section  class='av_textblock_section av-kzfu6e0w-7c049772e68f4bd307974deba63e9f13'  itemscope=\"itemscope\" itemtype=\"https:\/\/schema.org\/CreativeWork\" ><div class='avia_textblock'  itemprop=\"text\" ><h2>GTC<\/h2>\n<h3><span style=\"color: #e6007f;\"><strong>Non-German Buyers<\/strong><\/span><\/h3>\n<p><span style=\"color: #e6007f;\">Before placing an order to us, please make sure that you have understood all points of our Allgemeine Gesch\u00e4ftsbedingungen (GTC)!<\/span><br \/>\n<span style=\"color: #e6007f;\"> If you have any doubts or questions, please ask a professional translator for assistance, as all sales are exclusively basing on these AGBs.<\/span><br \/>\n<span style=\"color: #e6007f;\"> The place of performance is Hagen \/ Germany, also valid as the court of jurisdiction and the law of the Federal Republic of Germany applies to the exclusion of the UN Convention on Contracts for the International Sale of Goods.<\/span><\/p>\n<h3>Allgemeine Gesch\u00e4ftsbedingungen<\/h3>\n<p>F\u00fcr alle Angebote, Lieferungen und sonstigen Leistungen gelten ausschlie\u00dflich unsere untenstehenden Allgemeinen Gesch\u00e4ftsbedingungen.<\/p>\n<p><strong>Angebote + Preise<\/strong><\/p>\n<p>Unsere Angebote sind freibleibend und erst durch unsere Auftragsbest\u00e4tigung verbindlich. Meint der Kunde, dass die Auftragsbest\u00e4tigung von seiner Bestellung abweicht, so hat er uns unverz\u00fcglich nach Erhalt, sp\u00e4testens aber binnen einer Woche nach dem Datum unserer Auftragsbest\u00e4tigung, schriftlich \u00fcber die vermeintlichen Abweichungen in Kenntnis zu setzen und diese zu r\u00fcgen. Unterl\u00e4sst er die Pr\u00fcfung der Auftragsbest\u00e4tigung und die unverz\u00fcgliche R\u00fcge, so gilt unsere Auftragsbest\u00e4tigung als richtig und beiderseits verbindlich. (Vorkasse-) Rechnungen gelten als Auftragsbest\u00e4tigung. So unser Angebot auf Basis eines Wechselkurses erstellt wurde, ist die genaue Berechnung der Preise erst nach vollst\u00e4ndiger Abwicklung des Gesch\u00e4fts m\u00f6glich. Ma\u00dfgeblich sind hierbei die jeweiligen Wechselkurse am Tag des Zahlungseingangs auf unser Konto. Eine eventuell resultierende Nachbelastung des Kunden aufgrund der vorgenannten Wechselkursschwankungen wird daher ausdr\u00fccklich vorbehalten. Generell behalten uns im Einzelfall eine Preiskorrektur vor, wenn bis zum Zeitpunkt der Auftragsausf\u00fchrung eine wechselkursbedingte Preisanpassung notwendig wird. Erh\u00f6hen sich nach Auftragsbest\u00e4tigung die Materialkosten oder die L\u00f6hne in unserem Werk oder bei unseren Lieferanten, so sind wir ebenfalls berechtigt, die Preise entsprechend der eingetretenen Kostensteigerung zu erh\u00f6hen. Der Kunde hat ein K\u00fcndigungsrecht, falls die Erh\u00f6hung mehr als 10 % des vereinbarten Preises betr\u00e4gt. Die uns bis dahin entstandenen Aufwendungen an Material- und Lohnkosten sind hierbei vom Kunden zu erstatten. Besondere Vereinbarungen bed\u00fcrfen unserer schriftlichen Best\u00e4tigung und beziehen sich nur auf den betreffenden Abschluss. Vereinbarungen \u00fcber Kundenschutz jeglicher Art sind generell unzul\u00e4ssig. Preise verstehen sich ab Lager Hagen, zuz\u00fcglich der gesetzlichen MwSt., sowie Porto und Verpackungskosten. Durch Erscheinen einer neuen Preisliste verlieren alle vorherigen Listen automatisch ihre G\u00fcltigkeit.<\/p>\n<p><strong>Lieferung<\/strong><\/p>\n<p>Der Versand der Ware ist, soweit nicht anders vereinbart, nur per Nachnahme bzw. gegen Vorkasse m\u00f6glich, Abholung nur gegen Barzahlung. Der Zeitpunkt des Gefahren\u00fcbergangs auf den K\u00e4ufer ist der Warenausgang aus unserem Lager. Liefertermine und \u2013fristen sind nur g\u00fcltig, wenn sie von uns ausdr\u00fccklich best\u00e4tigt werden und gelten unter Vorbehalt richtiger und rechtzeitiger Selbstbelieferung. Verlangt der Kunde nach Auftragsbest\u00e4tigung \u00c4nderungen des Auftrags, oder dessen Abwicklung, wie z.B. zus\u00e4tzliche Produktionsmuster, welche den weiteren Ablauf der Auftragsabwicklung beeinflussen, verl\u00e4ngert sich der Lieferzeitraum entsprechend. Lieferfristen gelten mit dem rechtzeitigen Verlassen der Ware aus unserem Lager als eingehalten, wobei innerdeutsch von einer Zustellung durch den Versender am n\u00e4chsten Arbeitstag ausgegangen wird. H\u00f6here Gewalt, beh\u00f6rdliche Ma\u00dfnahmen, Energienengp\u00e4sse bei uns \/ unseren Lieferanten, oder \u00e4hnliche Einwirkungen auf die Vertragsabwicklung entbinden uns von jeglichen Lieferfristen. Hierbei besteht an uns keinerlei Schadenersatzanspruch seitens des K\u00e4ufers. Wir sind zu Teillieferungen berechtigt, die im Rahmen unserer Zahlungsbedingungen zur Zahlung f\u00e4llig werden. Wird die Behinderung voraussichtlich nicht in angemessener Zeit zu beheben sein, so sind wir berechtigt, ohne eine Verpflichtung von Schadenersatz oder einer Nachlieferung ganz oder teilweise vom Kaufvertrag zur\u00fcckzutreten. Ein solcher R\u00fccktritt ber\u00fchrt unsere Forderungen aus etwaig bereits erfolgten Teillieferungen nicht. Nur bei direkt durch uns zu vertretendem Lieferverzug leisten wir nach Ablauf einer uns gesetzten angemessenen Nachfrist und bei entsprechendem Nachweis durch den Kunden Schadenersatz. Dieser bel\u00e4uft sich auf 0,5% pro voller Verzugswoche (Kalenderwoche) des Verzugs, maximal jedoch auf 5,0 % des Nettowarenwerts der betreffenden Artikel laut Rechnung der vom Verzug betroffenen Lieferung. Dieser Betrag kann entsprechend vom Kunden bei Begleichung der betroffenen Rechnung in Abzug gebracht werden. Weitere Forderungen des Kunden an uns aus dem vorgenannten Lieferverzug sind g\u00e4nzlich ausgeschlossen. Alternativ kann der Kunden nach Ablauf der Nachfrist vom Kaufvertrag zur\u00fccktreten, wobei er uns das weitere Vorgehen hierzu auf Anfrage schriftlich in angemessener Zeit mitteilt. Uns bis dahin entstandene Kosten gehen zu Lasten des Kunden. Wir behalten uns vor, Lieferungen ohne Angabe von Gr\u00fcnden abzulehnen oder die Belieferung von Voraussetzungen abh\u00e4ngig zu machen. Werkzeuge und sonstige Hilfsmittel, auch bei f\u00fcr den Kunden gesch\u00fctzten Artikeln, bleiben grunds\u00e4tzlich unser alleiniges Eigentum. Dies gilt auch dann, wenn f\u00fcr Werkzeuge (auch anteilige) Kosten, wie auch immer genannt, vom Kunden bezahlt wurden, oder diese Kosten(anteile) mit in den Artikelpreis eingerechnet sind. Bei Beendigung der Kooperation besteht von unserer Seite keine Verpflichtung auf Kostenerstattung an den Kunden f\u00fcr die Werkzeuge, Vorrichtungen oder Teile hiervon. Bei Auslandslieferungen gehen alle Entsorgungskosten (Batterieentsorgung, EAR, \u2026) im Empf\u00e4ngerland zu Lasten des K\u00e4ufers.<\/p>\n<p><strong>Kennzeichnung gem. Produktsicherheitsgesetz (GPSG)<\/strong><\/p>\n<p>Wir halten unsere Produkte in der Regel mit unseren Daten als Inverkehrbringer gekennzeichnet f\u00fcr Sie bereit und versehen diese im Auftragsfall zum Selbstkostenpreis mit Ihren Firmendaten \/ den Daten Ihres Kunden als Vertriebsanschrift gem. GPSG. Hierzu nennen Sie uns bei Auftragsklarheit den Text und die gew\u00fcnschte Stelle zur Anbringung am Produkt. Sollte es hierzu Ihrerseits keine Information geben, so gehen wir davon aus, dass Sie \/ Ihr Kunde die Ware mit uns als Inverkehrbringer gekennzeichnet nutzen werden!<br \/>\nZus\u00e4tzlich zu den hier vorgehaltenen Standarddokumenten bieten wir Ihnen die gesonderte Pr\u00fcfung der f\u00fcr Sie bestimmten Lieferung nach CE \/ RoHS durch ein zugelassenes Testlabor zum Selbstkostenpreis an. Bitte teilen Sie uns ihren Wunsch direkt bei Auftragsvergabe mit. Danke!<\/p>\n<p><strong>Verpackungseinheiten<\/strong><\/p>\n<p>Der Warenversand erfolgt generell in geschlossenen Verpackungseinheiten. Bei einigen Artikeln ist auch der Versand in kleineren St\u00fcckzahlen m\u00f6glich; wir behalten uns hierbei die Berechnung einer Aufwandsentsch\u00e4digung in H\u00f6he von 10% des Bruttowarenwertes vor. Weiterhin gilt eine \u00dcber- \/ Unterlieferung von maximal 10% als akzeptiert. Bei Versand von Warenmustern erheben wir zus\u00e4tzlich eine allgemeine Bearbeitungsgeb\u00fchr in H\u00f6he von 10,- \u20ac. Mustersendungen k\u00f6nnen nicht zur\u00fcckgenommen werden!<\/p>\n<p><strong>Zahlung<\/strong><\/p>\n<p>Rechnungen werden unter dem Datum des Tages des Warenversands erstellt. Die Zahlung der Ware erfolgt bei Versand per Nachnahme\/Vorauskasse und bei Abholung in bar. Rechnungslieferungen bed\u00fcrfen unserer ausdr\u00fccklichen Zustimmung; die Zahlungsfrist betr\u00e4gt hierbei 14 Tage ohne Skontoabzug. Die gelieferte Ware bleibt bis zur vollst\u00e4ndigen Tilgung aller aus der Gesch\u00e4ftsverbindung entstandenen und k\u00fcnftigen Forderungen unser Eigentum. Der verl\u00e4ngerte Eigentumsvorbehalt gilt als vereinbart. Hierzu tritt der Kunde bereits bei Vertragsabschlu\u00df alle ihm aus dem Weiterverkauf oder aus sonstiger Verwendung der Ware zustehenden Forderungen an uns ab. Ein Eigentumserwerb des Kunden an der von uns gelieferten Ware durch begonnene oder abgeschlossene Verarbeitung oder Umbildung findet nicht statt. Weiterhin verpflichtet sich der Kunde uns auf Verlangen den Abnehmer der Ware schriftlich zu benennen.<\/p>\n<p><strong>Zahlungsverzug<\/strong><\/p>\n<p>Bei Zahlungsverzug ist der Verk\u00e4ufer berechtigt, Verzugszinsen in H\u00f6he von 8% Punkten \u00fcber dem aktuellen Basissatz der Deutschen Bundesbank zu berechnen. Die Nichterf\u00fcllung vereinbarter Zahlungsbedingungen befreit ihn von s\u00e4mtlichen Lieferverpflichtungen gegen\u00fcber dem K\u00e4ufer.<\/p>\n<p><strong>R\u00fccksendung<\/strong><\/p>\n<p>R\u00fccksendung bereits gelieferter Ware \u2013 nur unbesch\u00e4digt und originalverpackt \u2013 ist ausschlie\u00dflich mit unserer ausdr\u00fccklichen Zustimmung zu Lasten des K\u00e4ufers m\u00f6glich. Wir behalten uns vor, die Annahme unfrei gesendeter Ware zu verweigern. Bei R\u00fccknahme fehlerfreier Ware erheben wir Anspruch auf Schadenersatz wegen Nichterf\u00fcllung des Kaufvertrages in H\u00f6he von 30% des Bruttowarenwertes. Gleiches gilt f\u00fcr Nichtabholung\/Annahmeverweigerung.<\/p>\n<p><strong>M\u00e4ngel<\/strong><\/p>\n<p>Die gesetzliche Gew\u00e4hrleistung f\u00fcr ver\u00e4u\u00dferte Ware wird hiermit ausdr\u00fccklich auf zw\u00f6lf Monate beschr\u00e4nkt. Mangelhafte, unvollst\u00e4ndige oder falsche Ware (auch teilweise) muss durch den Empf\u00e4nger oder Bevollm\u00e4chtigten binnen acht Tagen schriftlich bei uns angezeigt werden. Vor Ersatzleistungen sind wir berechtigt, die Ware zu pr\u00fcfen. Zu dem Zweck verpflichtet sich der Kunde zur \u00dcbersendung von Warenmustern zun\u00e4chst zu seinen Lasten. Liegt ein von uns zu vertretender Mangel vor, so sind wir nach eigener Wahl zu Beseitigung des Mangels oder zu Ersatzlieferung berechtigt; die Portokosten f\u00fcr die g\u00fcnstigste m\u00f6gliche Versandart werden durch uns erstattet. Gelingt ein Nachbesserungsversuch innerhalb angemessener Frist nicht und schlagen auch zwei weitere Nachbesserungsversuche fehl, ist der Kunde berechtigt, vom Vertrag anteilig zur\u00fcckzutreten oder den Kaufpreis zu mindern. Weitere Anspr\u00fcche des Kunden, insbesondere Schadenersatz incl. entgangener Gewinne und sonstiger Verm\u00f6genssch\u00e4den, sind ausgeschlossen. Im \u00dcbrigen ist unsere Haftung auf den Betrag des anteiligen Kaufpreises beschr\u00e4nkt. Auch im Fall einer Beanstandung ist der der vereinbarte Kaufpreis gem. Rechnung termingerecht zu zahlen, vorbehaltlich nachfolgender Regelung der Differenz \/ Erstattung. Warenmuster sowie Abbildungen, Ma\u00dfe, Zeichnungen und sonstige Angaben in Katalogen, Preislisten und anderweitigen Publikationen bez\u00fcglich unserer Produkte sind nur ann\u00e4hernd, jedoch bestm\u00f6glich ermittelt, k\u00f6nnen geringf\u00fcgige Abweichungen zu der gelieferten Ware aufweisen und sind f\u00fcr uns insofern unverbindlich. Farbabweichungen von ca. +\/- einem bis zwei Pantonewerte im Umfeld sind ausdr\u00fccklich gestattet. Diese Abweichungen gelten nicht als Mangel und sind somit kein R\u00fcckgabegrund. Ebenfalls werden unsere Produkte aus verschiedenen Materialien hergestellt, welche f\u00fcr die Bedruckung einen unterschiedlich guten Haftgrund liefern. Somit kann es bei einigen Artikeln zu einem leicht abzul\u00f6senden Druck kommen, was ausdr\u00fccklich keinen Mangel darstellt. Bitte erfragen Sie die entsprechenden Gegebenheiten vor Bestellung des Drucks. Ausschluss des Schadenersatzes: Eine begonnene Ver-\/Bearbeitung der Ware seitens des Kunden bedeutet Verzicht auf Schadenersatzanspr\u00fcche jeglicher Art. Von der M\u00e4ngelr\u00fccknahme ausgenommen sind Artikel, welche mit der Zusatzleistung \u201eGold-Service\u201c geordert wurden, da diese vor Versand einzeln gepr\u00fcft werden. Ansonsten gelten die allgemein \u00fcblichen Fehlerquoten f\u00fcr Asienimporte als akzeptiert. Fehler oder Besch\u00e4digungen, welche durch unsachgem\u00e4\u00dfen Umgang des Kunden mit der Ware entstehen, fallen nicht unter die Gew\u00e4hrleistung. Fehler, welche auf unsachgem\u00e4\u00dfen Transport zur\u00fcckzuf\u00fchren sind, sind vom Empf\u00e4nger beim Transporteur geltend zu machen. Wir empfehlen, f\u00fcr diesen Fall eine Zusatzversicherung abzuschlie\u00dfen.<\/p>\n<p><strong>Druckauftr\u00e4ge\/Sonderanfertigungen\/Spezialimporte<\/strong><\/p>\n<p>Bei Erteilung von Druckauftr\u00e4gen, Auftr\u00e4gen f\u00fcr Sonderanfertigungen oder Spezialimporte seitens des Kunden verpflichtet sich dieser zu einer vollst\u00e4ndigen Abnahme der Ware. Bei Nichtabholung\/Annahmeverweigerung erheben wir Anspruch auf die volle Rechnungssumme aufgrund der im Kundenauftrag erfolgten Ver-\/Bearbeitung. Ebenfalls behalten wir uns das Recht auf Forderung einer Anzahlung in H\u00f6he von mindestens 50% des Bruttowarenwerts bei Auftrag vor, alternativ auch eine Bankb\u00fcrgschaft in voller H\u00f6he. Weiterhin behalten wir uns die Berechnung eines Schadenersatzes in H\u00f6he von 50% des Bruttowarenwerts bei Stornierung laufender Auftr\u00e4ge \u00fcber Sonderanfertigungen oder Spezialimporte (kundenbezogene Orders, welche nicht direkt ab Lager bedient werden k\u00f6nnen) vor, so diese schon vom Hersteller an uns und von uns an den Kunden best\u00e4tigt wurden. Bei Druckauftr\u00e4gen ab Lager werden Satz-, Klischee-, Andruck- und ggf. bereits angefallene Handlingskosten auch dann berechnet, wenn ein Auftrag vom Kunden vor Produktionsbeginn storniert wird. Die Erstellung von Entw\u00fcrfen \/ Skizzen ist kostenpflichtig und die resultierenden Gestaltungen sind unser Eigentum. Ein Anspruch auf Pr\u00fcfung etwaiger Verletzungen anderweitig bestehender Urheber-, Patent-, Gebrauchs- &amp; Geschmacksmuster- oder Lizenzrechte durch uns ist nicht Bestandteil des Auftrags an uns. Vielmehr haftet der Kunde allein f\u00fcr alle etwaigen Forderungen, wenn durch die Ausf\u00fchrung seines Auftrags Rechte Dritter verletzt werden. Ferner behalten wir uns vor an geeigneter Stelle der von uns gelieferten Artikel unseren Firmennamen + Logo anzubringen. Weiterhin erkl\u00e4rt sich der Kunde damit einverstanden, uns eine angemessene Anzahl an Mustern f\u00fcr Ausstellungs- und Werbezwecke kostenlos zu \u00fcberlassen.<\/p>\n<p><strong>Sondervereinbarungen f\u00fcr die Lieferung von Ballongas<\/strong><\/p>\n<p>Ballongas ist erh\u00e4ltlich ab Lager Hagen oder bei einer Verkaufsstelle der Linde AG. Ballongasflaschen sind Mietflaschen. Vermieterin ist die Lumitoys-GmbH, Eigent\u00fcmerin ist die Linde AG. Der mietfreie Zeitraum f\u00fcr Gasflaschen betr\u00e4gt 30 Tage, danach wird eine Miete vom 0,30\u20ac pro tag\/Flasche berechnet. Der Mieter verpflichtet sich zur unverz\u00fcglichen \u00dcbersendung der Aus- und R\u00fcckgabebelege an uns nach R\u00fcckgabe der Gasflaschen. Die R\u00fcckgabe von Gasflaschen ist bei der Lumitoys-GmbH sowie allen Verkaufsstellen der Linde AG unter Angabe unserer Kundennummer m\u00f6glich. Die maximale Mietzeit betr\u00e4gt 90 Tage, eine Verl\u00e4ngerung bedarf der schriftlichen Genehmigung durch uns. Sofern die Gasflasche nicht innerhalb der vereinbarten Mietfrist zur\u00fcckgegeben wird und auch keine Fristverl\u00e4ngerung vereinbart ist, kommt automatisch ein Kaufvertrag zwischen dem Kunden und der Lumitoys-GmbH zustande. Der Kaufpreis betr\u00e4gt z. Zt. 350,- \u20ac zzgl. gesetzlicher MwSt. Dieser Kaufpreis wird durch Rechnung angemahnt. Gibt der Kunde die Gasflasche nach Erhalt der Rechnung unverz\u00fcglich zur\u00fcck, wird der Kaufvertrag unwirksam, der Mietzins bis zum tage der R\u00fcckgabe ist jedoch durch den Kunden zu entrichten. Restdruck in zur\u00fcckgegebenen Gasflaschen kann weder verg\u00fctet noch gutgeschrieben werden. Bei R\u00fccknahme von vollen Gasflaschen stellen wir Kosten in H\u00f6he von 20% des Bruttowarenwertes in Rechnung.<\/p>\n<p>Falls Teile der Allgemeinen Gesch\u00e4ftsbedingungen unwirksam werden sollten, so gilt der verbleibende Teil weiterhin verbindlich f\u00fcr alle Parteien.<\/p>\n<p>Fremde Allgemeine Gesch\u00e4fts- oder Einkaufsbedingungen werden von uns grunds\u00e4tzlich nicht akzeptiert, solange wir deren Geltung nicht ausdr\u00fccklich zugestimmt haben, wobei diese Zustimmung generell nur f\u00fcr den betreffenden Abschluss gilt! Auch Bestellungen an uns, welche einen entsprechenden Hinweis auf die Allgemeinen Gesch\u00e4fts- oder Einkaufsbedingungen des K\u00e4ufers enthalten, insbesondere wenn diese formularm\u00e4\u00dfig mitgeteilt werden, werden grunds\u00e4tzlich nur auf Basis unserer Allgemeinen Gesch\u00e4ftsbedingungen ausgef\u00fchrt. Mit Aufgabe seiner Bestellung erkennt der K\u00e4ufer diese Regelung an und verzichtet ausdr\u00fccklich auf seine Allgemeinen Gesch\u00e4fts- oder Einkaufsbedingungen als Bestandteil des Kaufvertrags!<\/p>\n<p>Erf\u00fcllungsort und Gerichtsstand f\u00fcr beide Parteien ist Hagen.<\/p>\n<p>Alle Artikel unseres Sortiments sind f\u00fcr die Abgabe an Kinder unter 3 Jahren nicht geeignet.<\/p>\n<\/div><\/section>","protected":false},"excerpt":{"rendered":"","protected":false},"author":1,"featured_media":0,"parent":0,"menu_order":25,"comment_status":"closed","ping_status":"closed","template":"","meta":{"footnotes":""},"class_list":["post-1070","page","type-page","status-publish","hentry"],"yoast_head":"<!-- This site is optimized with the Yoast SEO plugin v27.4 - https:\/\/yoast.com\/product\/yoast-seo-wordpress\/ -->\n<title>GTC - Lumitoys<\/title>\n<meta name=\"robots\" content=\"index, follow, max-snippet:-1, max-image-preview:large, max-video-preview:-1\" \/>\n<link rel=\"canonical\" href=\"https:\/\/lumitoys.de\/en\/gtc\/\" \/>\n<meta property=\"og:locale\" content=\"en_GB\" \/>\n<meta property=\"og:type\" content=\"article\" \/>\n<meta property=\"og:title\" content=\"GTC - Lumitoys\" \/>\n<meta property=\"og:url\" content=\"https:\/\/lumitoys.de\/en\/gtc\/\" \/>\n<meta property=\"og:site_name\" content=\"Lumitoys\" \/>\n<meta property=\"article:modified_time\" content=\"2022-02-12T12:43:22+00:00\" \/>\n<meta name=\"twitter:card\" content=\"summary_large_image\" \/>\n<meta name=\"twitter:label1\" content=\"Estimated reading time\" \/>\n\t<meta name=\"twitter:data1\" content=\"12 minutes\" \/>\n<script type=\"application\/ld+json\" class=\"yoast-schema-graph\">{\"@context\":\"https:\\\/\\\/schema.org\",\"@graph\":[{\"@type\":\"WebPage\",\"@id\":\"https:\\\/\\\/lumitoys.de\\\/gtc\",\"url\":\"https:\\\/\\\/lumitoys.de\\\/gtc\",\"name\":\"GTC - Lumitoys\",\"isPartOf\":{\"@id\":\"https:\\\/\\\/lumitoys.de\\\/#website\"},\"datePublished\":\"2022-02-12T12:27:58+00:00\",\"dateModified\":\"2022-02-12T12:43:22+00:00\",\"breadcrumb\":{\"@id\":\"https:\\\/\\\/lumitoys.de\\\/gtc#breadcrumb\"},\"inLanguage\":\"en-GB\",\"potentialAction\":[{\"@type\":\"ReadAction\",\"target\":[\"https:\\\/\\\/lumitoys.de\\\/gtc\"]}]},{\"@type\":\"BreadcrumbList\",\"@id\":\"https:\\\/\\\/lumitoys.de\\\/gtc#breadcrumb\",\"itemListElement\":[{\"@type\":\"ListItem\",\"position\":1,\"name\":\"Startseite\",\"item\":\"https:\\\/\\\/lumitoys.de\\\/\"},{\"@type\":\"ListItem\",\"position\":2,\"name\":\"GTC\"}]},{\"@type\":\"WebSite\",\"@id\":\"https:\\\/\\\/lumitoys.de\\\/#website\",\"url\":\"https:\\\/\\\/lumitoys.de\\\/\",\"name\":\"Lumitoys\",\"description\":\"\",\"publisher\":{\"@id\":\"https:\\\/\\\/lumitoys.de\\\/#organization\"},\"potentialAction\":[{\"@type\":\"SearchAction\",\"target\":{\"@type\":\"EntryPoint\",\"urlTemplate\":\"https:\\\/\\\/lumitoys.de\\\/?s={search_term_string}\"},\"query-input\":{\"@type\":\"PropertyValueSpecification\",\"valueRequired\":true,\"valueName\":\"search_term_string\"}}],\"inLanguage\":\"en-GB\"},{\"@type\":\"Organization\",\"@id\":\"https:\\\/\\\/lumitoys.de\\\/#organization\",\"name\":\"Lumitoys GmbH\",\"url\":\"https:\\\/\\\/lumitoys.de\\\/\",\"logo\":{\"@type\":\"ImageObject\",\"inLanguage\":\"en-GB\",\"@id\":\"https:\\\/\\\/lumitoys.de\\\/#\\\/schema\\\/logo\\\/image\\\/\",\"url\":\"https:\\\/\\\/lumitoys.de\\\/wp-content\\\/uploads\\\/2022\\\/02\\\/Schriftzug-Lumino-2020.png\",\"contentUrl\":\"https:\\\/\\\/lumitoys.de\\\/wp-content\\\/uploads\\\/2022\\\/02\\\/Schriftzug-Lumino-2020.png\",\"width\":974,\"height\":587,\"caption\":\"Lumitoys GmbH\"},\"image\":{\"@id\":\"https:\\\/\\\/lumitoys.de\\\/#\\\/schema\\\/logo\\\/image\\\/\"}}]}<\/script>\n<!-- \/ Yoast SEO plugin. -->","yoast_head_json":{"title":"GTC - Lumitoys","robots":{"index":"index","follow":"follow","max-snippet":"max-snippet:-1","max-image-preview":"max-image-preview:large","max-video-preview":"max-video-preview:-1"},"canonical":"https:\/\/lumitoys.de\/en\/gtc\/","og_locale":"en_GB","og_type":"article","og_title":"GTC - Lumitoys","og_url":"https:\/\/lumitoys.de\/en\/gtc\/","og_site_name":"Lumitoys","article_modified_time":"2022-02-12T12:43:22+00:00","twitter_card":"summary_large_image","twitter_misc":{"Estimated reading time":"12 minutes"},"schema":{"@context":"https:\/\/schema.org","@graph":[{"@type":"WebPage","@id":"https:\/\/lumitoys.de\/gtc","url":"https:\/\/lumitoys.de\/gtc","name":"GTC - Lumitoys","isPartOf":{"@id":"https:\/\/lumitoys.de\/#website"},"datePublished":"2022-02-12T12:27:58+00:00","dateModified":"2022-02-12T12:43:22+00:00","breadcrumb":{"@id":"https:\/\/lumitoys.de\/gtc#breadcrumb"},"inLanguage":"en-GB","potentialAction":[{"@type":"ReadAction","target":["https:\/\/lumitoys.de\/gtc"]}]},{"@type":"BreadcrumbList","@id":"https:\/\/lumitoys.de\/gtc#breadcrumb","itemListElement":[{"@type":"ListItem","position":1,"name":"Startseite","item":"https:\/\/lumitoys.de\/"},{"@type":"ListItem","position":2,"name":"GTC"}]},{"@type":"WebSite","@id":"https:\/\/lumitoys.de\/#website","url":"https:\/\/lumitoys.de\/","name":"Lumitoys","description":"","publisher":{"@id":"https:\/\/lumitoys.de\/#organization"},"potentialAction":[{"@type":"SearchAction","target":{"@type":"EntryPoint","urlTemplate":"https:\/\/lumitoys.de\/?s={search_term_string}"},"query-input":{"@type":"PropertyValueSpecification","valueRequired":true,"valueName":"search_term_string"}}],"inLanguage":"en-GB"},{"@type":"Organization","@id":"https:\/\/lumitoys.de\/#organization","name":"Lumitoys GmbH","url":"https:\/\/lumitoys.de\/","logo":{"@type":"ImageObject","inLanguage":"en-GB","@id":"https:\/\/lumitoys.de\/#\/schema\/logo\/image\/","url":"https:\/\/lumitoys.de\/wp-content\/uploads\/2022\/02\/Schriftzug-Lumino-2020.png","contentUrl":"https:\/\/lumitoys.de\/wp-content\/uploads\/2022\/02\/Schriftzug-Lumino-2020.png","width":974,"height":587,"caption":"Lumitoys GmbH"},"image":{"@id":"https:\/\/lumitoys.de\/#\/schema\/logo\/image\/"}}]}},"_links":{"self":[{"href":"http:\/\/lumitoys.de\/en\/wp-json\/wp\/v2\/pages\/1070","targetHints":{"allow":["GET"]}}],"collection":[{"href":"http:\/\/lumitoys.de\/en\/wp-json\/wp\/v2\/pages"}],"about":[{"href":"http:\/\/lumitoys.de\/en\/wp-json\/wp\/v2\/types\/page"}],"author":[{"embeddable":true,"href":"http:\/\/lumitoys.de\/en\/wp-json\/wp\/v2\/users\/1"}],"replies":[{"embeddable":true,"href":"http:\/\/lumitoys.de\/en\/wp-json\/wp\/v2\/comments?post=1070"}],"version-history":[{"count":4,"href":"http:\/\/lumitoys.de\/en\/wp-json\/wp\/v2\/pages\/1070\/revisions"}],"predecessor-version":[{"id":1076,"href":"http:\/\/lumitoys.de\/en\/wp-json\/wp\/v2\/pages\/1070\/revisions\/1076"}],"wp:attachment":[{"href":"http:\/\/lumitoys.de\/en\/wp-json\/wp\/v2\/media?parent=1070"}],"curies":[{"name":"wp","href":"https:\/\/api.w.org\/{rel}","templated":true}]}}